{"id":3906,"date":"2023-09-05T09:44:06","date_gmt":"2023-09-05T09:44:06","guid":{"rendered":"https:\/\/www.pretechodronten.nl\/?page_id=3906"},"modified":"2024-07-01T13:25:35","modified_gmt":"2024-07-01T13:25:35","slug":"2d-pretecho0","status":"publish","type":"page","link":"https:\/\/www.pretechodronten.nl\/pl\/2d-pretecho\/","title":{"rendered":"Zabawne USG 2D"},"content":{"rendered":"<div data-elementor-type=\"wp-page\" data-elementor-id=\"3906\" class=\"elementor elementor-3906\" data-elementor-post-type=\"page\">\n\t\t\t\t\t\t\t<div class=\"elementor-element elementor-element-fdbba2d e-flex e-con-boxed e-con e-parent\" data-id=\"fdbba2d\" data-element_type=\"container\" data-settings=\"{&quot;background_background&quot;:&quot;video&quot;,&quot;background_video_link&quot;:&quot;https:\\\/\\\/verloskundigenpuurbegin.nl\\\/2d-echo.mp4&quot;,&quot;background_video_start&quot;:0,&quot;background_play_on_mobile&quot;:&quot;yes&quot;,&quot;background_privacy_mode&quot;:&quot;yes&quot;,&quot;content_width&quot;:&quot;boxed&quot;}\" data-core-v316-plus=\"true\">\n\t\t\t\t\t<div class=\"e-con-inner\">\n\t\t<div class=\"elementor-background-video-container\">\n\t\t\t\t\t\t\t<video class=\"elementor-background-video-hosted elementor-html5-video\" autoplay muted playsinline loop><\/video>\n\t\t\t\t\t<\/div>\t\t\t<\/div>\n\t\t\t\t<\/div>\n\t\t<div class=\"elementor-element elementor-element-312f167 e-flex e-con-boxed e-con e-parent\" data-id=\"312f167\" data-element_type=\"container\" data-settings=\"{&quot;content_width&quot;:&quot;boxed&quot;}\" data-core-v316-plus=\"true\">\n\t\t\t\t\t<div class=\"e-con-inner\">\n\t\t\t\t<div class=\"elementor-element elementor-element-ab0381e elementor-cta--skin-cover elementor-animated-content elementor-bg-transform elementor-bg-transform-zoom-in elementor-widget elementor-widget-call-to-action\" data-id=\"ab0381e\" data-element_type=\"widget\" data-widget_type=\"call-to-action.default\">\n\t\t\t\t<div class=\"elementor-widget-container\">\n\t\t\t<link rel=\"stylesheet\" href=\"https:\/\/www.pretechodronten.nl\/moabeewh\/elementor-pro\/assets\/css\/widget-call-to-action.min.css\">\t\t<div class=\"elementor-cta\">\n\t\t\t\t\t<div class=\"elementor-cta__bg-wrapper\">\n\t\t\t\t<div class=\"elementor-cta__bg elementor-bg\" style=\"background-image: url(https:\/\/www.pretechodronten.nl\/oadreese\/2024\/07\/Verloskundige-Dronten-Groepsfoto-1024x683.png);\" role=\"img\" aria-label=\"Po\u0142o\u017cna-Dronten-Groepsfoto.png\"><\/div>\n\t\t\t\t<div class=\"elementor-cta__bg-overlay\"><\/div>\n\t\t\t<\/div>\n\t\t\t\t\t\t\t<div class=\"elementor-cta__content\">\n\t\t\t\t\n\t\t\t\t\t\t\t\t\t<h2 class=\"elementor-cta__title elementor-cta__content-item elementor-content-item elementor-animated-item--grow\">\n\t\t\t\t\t\tPo\u0142o\u017cne Dronten\t\t\t\t\t<\/h2>\n\t\t\t\t\n\t\t\t\t\t\t\t\t\t<div class=\"elementor-cta__description elementor-cta__content-item elementor-content-item elementor-animated-item--grow\">\n\t\t\t\t\t\tBezp\u0142atne wczesne USG\t\t\t\t\t<\/div>\n\t\t\t\t\n\t\t\t\t\t\t\t\t\t<div class=\"elementor-cta__button-wrapper elementor-cta__content-item elementor-content-item elementor-animated-item--grow\">\n\t\t\t\t\t<a class=\"elementor-cta__button elementor-button elementor-size-sm\" href=\"https:\/\/www.verloskundigendronten.nl\/aanmelden\/\" target=\"_blank\" rel=\"noopener\">\n\t\t\t\t\t\tRejestrowa\u0107\t\t\t\t\t<\/a>\n\t\t\t\t\t<\/div>\n\t\t\t\t\t\t\t<\/div>\n\t\t\t\t\t\t\t<div class=\"elementor-ribbon\">\n\t\t\t\t<div class=\"elementor-ribbon-inner\">Dronten<\/div>\n\t\t\t<\/div>\n\t\t\t\t<\/div>\n\t\t\t\t<\/div>\n\t\t\t\t<\/div>\n\t\t\t\t\t<\/div>\n\t\t\t\t<\/div>\n\t\t<div class=\"elementor-element elementor-element-8b73881 e-flex e-con-boxed e-con e-parent\" data-id=\"8b73881\" data-element_type=\"container\" data-settings=\"{&quot;content_width&quot;:&quot;boxed&quot;}\" data-core-v316-plus=\"true\">\n\t\t\t\t\t<div class=\"e-con-inner\">\n\t\t\t\t<div class=\"elementor-element elementor-element-05c3d10 elementor-widget elementor-widget-heading\" data-id=\"05c3d10\" data-element_type=\"widget\" data-widget_type=\"heading.default\">\n\t\t\t\t<div class=\"elementor-widget-container\">\n\t\t\t<style>\/*! elementor - v3.16.0 - 09-10-2023 *\/\n.elementor-heading-title{padding:0;margin:0;line-height:1}.elementor-widget-heading .elementor-heading-title[class*=elementor-size-]>a{color:inherit;font-size:inherit;line-height:inherit}.elementor-widget-heading .elementor-heading-title.elementor-size-small{font-size:15px}.elementor-widget-heading .elementor-heading-title.elementor-size-medium{font-size:19px}.elementor-widget-heading .elementor-heading-title.elementor-size-large{font-size:29px}.elementor-widget-heading .elementor-heading-title.elementor-size-xl{font-size:39px}.elementor-widget-heading .elementor-heading-title.elementor-size-xxl{font-size:59px}<\/style><h1 class=\"elementor-heading-title elementor-size-default\">Zabawne USG 2D<\/h1>\t\t<\/div>\n\t\t\t\t<\/div>\n\t\t\t\t\t<\/div>\n\t\t\t\t<\/div>\n\t\t<div class=\"elementor-element elementor-element-cbee918 e-flex e-con-boxed e-con e-parent\" data-id=\"cbee918\" data-element_type=\"container\" data-settings=\"{&quot;content_width&quot;:&quot;boxed&quot;}\" data-core-v316-plus=\"true\">\n\t\t\t\t\t<div class=\"e-con-inner\">\n\t\t<div class=\"elementor-element elementor-element-736b2ea e-con-full e-flex e-con e-child\" data-id=\"736b2ea\" data-element_type=\"container\" data-settings=\"{&quot;content_width&quot;:&quot;full&quot;}\">\n\t\t\t\t<\/div>\n\t\t<div class=\"elementor-element elementor-element-57e3e9d e-con-full e-flex e-con e-child\" data-id=\"57e3e9d\" data-element_type=\"container\" data-settings=\"{&quot;content_width&quot;:&quot;full&quot;}\">\n\t\t\t\t<div class=\"elementor-element elementor-element-ac91a84 elementor-widget elementor-widget-text-editor\" data-id=\"ac91a84\" data-element_type=\"widget\" data-widget_type=\"text-editor.default\">\n\t\t\t\t<div class=\"elementor-widget-container\">\n\t\t\t<style>\/*! elementor - v3.16.0 - 09-10-2023 *\/\n.elementor-widget-text-editor.elementor-drop-cap-view-stacked .elementor-drop-cap{background-color:#69727d;color:#fff}.elementor-widget-text-editor.elementor-drop-cap-view-framed .elementor-drop-cap{color:#69727d;border:3px solid;background-color:transparent}.elementor-widget-text-editor:not(.elementor-drop-cap-view-default) .elementor-drop-cap{margin-top:8px}.elementor-widget-text-editor:not(.elementor-drop-cap-view-default) .elementor-drop-cap-letter{width:1em;height:1em}.elementor-widget-text-editor .elementor-drop-cap{float:left;text-align:center;line-height:1;font-size:50px}.elementor-widget-text-editor .elementor-drop-cap-letter{display:inline-block}<\/style>\t\t\t\t<h2>Zabawne USG 2D: wczesne spojrzenie na rozw\u00f3j Twojego dziecka<\/h2><p>Odkryj fascynacj\u0119 zabawnymi ultrad\u017awi\u0119kami 2D, idealnym sposobem dla przysz\u0142ych rodzic\u00f3w na zobaczenie swojego rosn\u0105cego dziecka we wczesnych stadiach ci\u0105\u017cy. Oto, co musisz wiedzie\u0107 o zabawnych ultrad\u017awi\u0119kach 2D:<\/p><h2>Termin na zabawne USG 2D<\/h2><p>Zabawne USG 2D mo\u017cna wykonywa\u0107 od oko\u0142o 8 do 14 tygodnia ci\u0105\u017cy. W tym okresie dziecko jest ju\u017c wyra\u017anie widoczne na USG, co daje niepowtarzaln\u0105 okazj\u0119 zobaczenia rozwoju ju\u017c w tej wczesnej fazie.<\/p><h2>Jak dzia\u0142a zabawne USG 2D<\/h2><p>Zabawne USG 2D wykorzystuje fale ultrad\u017awi\u0119kowe, kt\u00f3re przechodz\u0105 przez brzuch matki i odbijaj\u0105 si\u0119 od dziecka. Te ultrad\u017awi\u0119ki zapewniaj\u0105 dwuwymiarowe obrazy, dzi\u0119ki czemu mo\u017cesz zobaczy\u0107 podstawow\u0105 anatomi\u0119 dziecka, tak\u0105 jak g\u0142owa, tu\u0142\u00f3w, ramiona i nogi.<\/p><h2>Co mo\u017cna zobaczy\u0107 na USG 2D<\/h2><p>Dzi\u0119ki zabawnemu USG 2D mo\u017cesz zobaczy\u0107 podstawowe kontury i struktury Twojego dziecka, takie jak kszta\u0142t g\u0142owy, cia\u0142a i ko\u0144czyn. Cz\u0119sto wida\u0107 tak\u017ce bij\u0105ce serce.<\/p><h2>Bezpiecze\u0144stwo zabawnego USG 2D<\/h2><p>USG 2D to bezpieczna i sprawdzona metoda ogl\u0105dania p\u0142odu. Wykorzystuj\u0105 ultrad\u017awi\u0119kowe fale d\u017awi\u0119kowe, kt\u00f3re nie maj\u0105 szkodliwego dzia\u0142ania i nie zawieraj\u0105 promieniowania jonizuj\u0105cego. USG jest kr\u00f3tkie i wykonywane wed\u0142ug \u015bcis\u0142ych wytycznych medycznych.<\/p><h2>R\u00f3\u017cnica w por\u00f3wnaniu z USG 3D\/4D<\/h2><p>W odr\u00f3\u017cnieniu od USG 2D, kt\u00f3re dostarczaj\u0105 p\u0142askich obraz\u00f3w <a href=\"https:\/\/www.pretechodronten.nl\/pl\/3d-pretecho\/\">USG 3D<\/a> tr\u00f3jwymiarowe obrazy Twojego dziecka. <a href=\"https:\/\/www.pretechodronten.nl\/pl\/4d-pretecho\/\">USG 4D<\/a> dodaj ruch, dzi\u0119ki czemu b\u0119dziesz widzie\u0107 ruchy dziecka w czasie rzeczywistym.<\/p><p>Zabawne USG 2D to dla rodzic\u00f3w \u015bwietny spos\u00f3b, aby po raz pierwszy przyjrze\u0107 si\u0119 swojemu rosn\u0105cemu dziecku i nawi\u0105za\u0107 wcze\u015bniej kontakt. Jest to bezpieczne, pouczaj\u0105ce i poruszaj\u0105ce do\u015bwiadczenie, kt\u00f3re pozwala na wczesny wgl\u0105d w rozw\u00f3j dziecka.<\/p>\t\t\t\t\t\t<\/div>\n\t\t\t\t<\/div>\n\t\t\t\t<\/div>\n\t\t<div class=\"elementor-element elementor-element-4e8820d e-con-full e-flex e-con e-child\" data-id=\"4e8820d\" data-element_type=\"container\" data-settings=\"{&quot;content_width&quot;:&quot;full&quot;}\">\n\t\t\t\t<\/div>\n\t\t\t\t\t<\/div>\n\t\t\t\t<\/div>\n\t\t\t\t\t\t\t<\/div>","protected":false},"excerpt":{"rendered":"<p>Po\u0142o\u017cne Dronten Bezp\u0142atne wczesne USG Zarejestruj si\u0119 Dronten 2D prenatalne USG 2D prenatalne USG: wczesny rzut oka na rozw\u00f3j Twojego dziecka Odkryj fascynacj\u0119 prenatalnymi USG 2D, idealnym sposobem dla przysz\u0142ych rodzic\u00f3w, aby zobaczy\u0107 rozwijaj\u0105ce si\u0119 dziecko na wczesnym etapie ci\u0105\u017cy. Oto, co musisz wiedzie\u0107 o prenatalnych USG 2D: Termin [\u2026]<\/p>","protected":false},"author":1,"featured_media":0,"parent":0,"menu_order":0,"comment_status":"closed","ping_status":"closed","template":"","meta":{"om_disable_all_campaigns":false,"inline_featured_image":false,"_monsterinsights_skip_tracking":false,"_monsterinsights_sitenote_active":false,"_monsterinsights_sitenote_note":"","_monsterinsights_sitenote_category":0,"_uf_show_specific_survey":0,"_uf_disable_surveys":false,"cybocfi_hide_featured_image":""},"_links":{"self":[{"href":"https:\/\/www.pretechodronten.nl\/pl\/wp-json\/wp\/v2\/pages\/3906"}],"collection":[{"href":"https:\/\/www.pretechodronten.nl\/pl\/wp-json\/wp\/v2\/pages"}],"about":[{"href":"https:\/\/www.pretechodronten.nl\/pl\/wp-json\/wp\/v2\/types\/page"}],"author":[{"embeddable":true,"href":"https:\/\/www.pretechodronten.nl\/pl\/wp-json\/wp\/v2\/users\/1"}],"replies":[{"embeddable":true,"href":"https:\/\/www.pretechodronten.nl\/pl\/wp-json\/wp\/v2\/comments?post=3906"}],"version-history":[{"count":91,"href":"https:\/\/www.pretechodronten.nl\/pl\/wp-json\/wp\/v2\/pages\/3906\/revisions"}],"predecessor-version":[{"id":7528,"href":"https:\/\/www.pretechodronten.nl\/pl\/wp-json\/wp\/v2\/pages\/3906\/revisions\/7528"}],"wp:attachment":[{"href":"https:\/\/www.pretechodronten.nl\/pl\/wp-json\/wp\/v2\/media?parent=3906"}],"curies":[{"name":"wp","href":"https:\/\/api.w.org\/{rel}","templated":true}]}}